{"id":189,"date":"2017-03-25T18:52:04","date_gmt":"2017-03-25T17:52:04","guid":{"rendered":"http:\/\/lumina-centar.com\/?page_id=189"},"modified":"2021-03-06T19:00:53","modified_gmt":"2021-03-06T18:00:53","slug":"iskustva-klijenata","status":"publish","type":"page","link":"http:\/\/lumina-centar.com\/en\/iskustva-klijenata\/","title":{"rendered":"Customer experiences"},"content":{"rendered":"<p>&lt;img class=&#8221;alignnone wp-image-309 size-full&#8221; src=&#8221;http:\/\/lumina-centar.com\/wp-content\/uploads\/2017\/03\/iskustva-klijenata.jpg&#8221; alt=&#8221;&#8221; width=&#8221;1920&#8243; height=&#8221;1337&#8243; \/&gt;&lt;\/p&gt;<br \/>\n&lt;p style=&#8221;text-align: justify;&#8221;&gt;Iz neobja\u0161njivog razloga, iako odmah imah \u017eelju napisati ne\u0161to \u0161to \u0107e iskazati zahvalnost Jeleni i omogu\u0107iti drugima da steknu utisak kroz moje kratko pisanije te na\u0111u isceljenje u radu s njom, odugovla\u010dih.<br \/>\nSad mi je jasno za\u0161to! Kako napisati, a ne zvu\u010dati pretenciozno?! Ovo je susret sa osobom koja \u0107e vam zasigurno, ne\u0107u re\u0107i izmeniti \u017eivot, jer \u0107u time vrednost njenog davanja (mo\u017eete \u010ditati kao rada) svesti na izraze kojima se danas koriste raznovrsne new age \u201eprazne oblande\u201c. Ona je moderni tradicionalista (koristim ovaj izraz jer je divan milje najvrednijeg od tradicionalnog i modernog), koristi srce i \u010ditavo bi\u0107e, bez pretvaranja, ne \u201enudi\u201c ekstazi\u010dna stanja i bestelesna iskustva, s njom \u0107ete realizovati stvarne rezultate, bilo na fizi\u010dkom, emotivnom ili mentalnom nivou, ovde i sada.<br \/>\nAko ste na ovim stranicama, svakako vam je ve\u0107 jasno da fizi\u010dke manifestacije po\u010dinju mnogo pre u na\u0161em emotivno-mentalnom segmentu bi\u0107a.<br \/>\nOmogu\u0107i\u0107e vam da prepoznate, transformi\u0161ete, uobli\u010dite, da bolje razumete svoje bi\u0107e! Da&#8230; \u010cini mi se da ne pronalazim re\u010di kojima bih adekvatno opisala, ono \u0161to je osoba u stanju posti\u0107i u radu s Jelenom i kakva je vrednost postojanje profesionalaca i ljudi poput nje.<br \/>\nNije lako spustiti slova na papir, u ovom slu\u010daju, tehni\u010dki ispravnije, otkucati ih na virtuelnom listu ekrana, sa tendencijom da nekome izgradite poverenje u ne\u010diji rad prenose\u0107i svoje iskustvo. Tako da se ne\u0107u ni truditi to da \u010dinim, samo \u0107u re\u0107i da je moja \u010ditava porodica kod nje godinama, a sad i najmla\u0111i pripadnik na\u0161e male zajednice.<br \/>\nSvoje najintimnije delove bi\u0107a predavala sam joj i predajem bez ikakvog strahovanja, srama, bojazni od osu\u0111ivanja, podozrenja, sa potpunim poverenjem. Poverenje je klju\u010dno stanje, ne\u0107u re\u0107i izraz jer ograni\u010dava zna\u010denje, za mene kao osobu te najbitnija okosnica za gra\u0111enje dubljih \u017eivotnih odnosa sa ljudima.<br \/>\nSvakoj osobi za koju vidim da se mu\u010di, bilo sa manifestovanim fizi\u010dkim problemima ili sa emotivnim stanjima, radosna ih upu\u0107ujem Jeleni, sa potpunim poverenjem u njenu stru\u010dnost i vi\u010dnost te stoga na ovim stranicama ostavljam pisani otisak u tu svrhu.<br \/>\nJelena je veliki profesionalac, \u0161to mi je izrazito bitno! Iako je istinski profesionalizam rezervisan za retke, ono \u0161to je mene zadr\u017ealo sve ovde godine kod nje, a ima vi\u0161e od decenije, ve\u0107 kora\u010damo polovinom druge decenije, jeste njeno veliko srce, ne\u017enost, predanost, ljubav prema ljudima i spremnost da bude potpuno tu za njih, bilo kao psiholog ili homeopata ili se to, pak, i ne treba razu\u0111ivati.<br \/>\nUpoznah je u traganju za homeopatom kakav mojoj personi treba. Nije me interesovala homeopatija koja je simptomatska, iako je ona delotvorna (grani\u010dno i ograni\u010deno), to sve ve\u0107 zavisi od kakvo\u0107e same li\u010dnosti i onoga \u0161ta kome jeste potrebno. Svi se razlikujemo. Meni je trebalo dublje, dalje, vi\u0161e! Ne samo puka eliminacija simptomatike na telu, jer to mu do\u0111e kao homeopatija na alopatski na\u010din, ve\u0107 razumevanje odakle dolaze takvi signali, \u0161ta zna\u010de te kriptovane, zipovane poruke koje mi telo upu\u0107uje, ukoliko je telo to koje jeste uznemireno i sli\u010dno. Trebalo mi je i treba mi razre\u0161enje, ras\u010dvoravanje, odmotavanje onoga \u010dega smo mo\u017eda svesni, a \u010dega se ne mo\u017eemo (ne \u017eelimo) otrgnuti, ili \u0161to je na podsvesnim i nesvesnim nivoima, tek tu je radost kad se tako duboko za\u0111e.<br \/>\nRad s Jelenom mi pru\u017ea sve to i vi\u0161e!<br \/>\nMoj duboki naklon Jeleni i onima koji budu ponukani mojim pisanjem da sebe daruju radom s njom!<br \/>\nDragana Komazec<\/p>\n","protected":false},"excerpt":{"rendered":"<p>&lt;img class=&#8221;alignnone wp-image-309 size-full&#8221; src=&#8221;http:\/\/lumina-centar.com\/wp-content\/uploads\/2017\/03\/iskustva-klijenata.jpg&#8221; alt=&#8221;&#8221; width=&#8221;1920&#8243; height=&#8221;1337&#8243; \/&gt;&lt;\/p&gt; &lt;p style=&#8221;text-align: justify;&#8221;&gt;Iz neobja\u0161njivog razloga, iako odmah imah \u017eelju napisati ne\u0161to \u0161to \u0107e iskazati zahvalnost Jeleni i omogu\u0107iti drugima da steknu utisak kroz moje kratko pisanije te na\u0111u isceljenje u radu s njom, odugovla\u010dih. Sad mi je jasno za\u0161to! Kako napisati, a ne zvu\u010dati pretenciozno?! Ovo <a class=\"read-more\" href=\"http:\/\/lumina-centar.com\/en\/iskustva-klijenata\/\">vi\u0161e<\/a><\/p>\n","protected":false},"author":1,"featured_media":0,"parent":0,"menu_order":0,"comment_status":"closed","ping_status":"closed","template":"","meta":{"footnotes":""},"class_list":["post-189","page","type-page","status-publish","hentry"],"translation":{"provider":"WPGlobus","version":"3.0.2","language":"en","enabled_languages":["rs","en"],"languages":{"rs":{"title":true,"content":true,"excerpt":false},"en":{"title":true,"content":true,"excerpt":false}}},"_links":{"self":[{"href":"http:\/\/lumina-centar.com\/en\/wp-json\/wp\/v2\/pages\/189","targetHints":{"allow":["GET"]}}],"collection":[{"href":"http:\/\/lumina-centar.com\/en\/wp-json\/wp\/v2\/pages"}],"about":[{"href":"http:\/\/lumina-centar.com\/en\/wp-json\/wp\/v2\/types\/page"}],"author":[{"embeddable":true,"href":"http:\/\/lumina-centar.com\/en\/wp-json\/wp\/v2\/users\/1"}],"replies":[{"embeddable":true,"href":"http:\/\/lumina-centar.com\/en\/wp-json\/wp\/v2\/comments?post=189"}],"version-history":[{"count":4,"href":"http:\/\/lumina-centar.com\/en\/wp-json\/wp\/v2\/pages\/189\/revisions"}],"predecessor-version":[{"id":765,"href":"http:\/\/lumina-centar.com\/en\/wp-json\/wp\/v2\/pages\/189\/revisions\/765"}],"wp:attachment":[{"href":"http:\/\/lumina-centar.com\/en\/wp-json\/wp\/v2\/media?parent=189"}],"curies":[{"name":"wp","href":"https:\/\/api.w.org\/{rel}","templated":true}]}}