{"id":7,"date":"2017-02-20T15:33:46","date_gmt":"2017-02-20T15:33:46","guid":{"rendered":"http:\/\/lumina-centar.com\/?page_id=7"},"modified":"2026-01-24T09:31:53","modified_gmt":"2026-01-24T08:31:53","slug":"home","status":"publish","type":"page","link":"http:\/\/lumina-centar.com\/en\/","title":{"rendered":"Po\u010detna"},"content":{"rendered":"<div id=\"pl-7\"  class=\"panel-layout\" ><div id=\"pg-7-0\"  class=\"panel-grid panel-no-style\" ><div id=\"pgc-7-0-0\"  class=\"panel-grid-cell\" ><div id=\"panel-7-0-0-0\" class=\"so-panel widget widget_sow-editor panel-first-child panel-last-child\" data-index=\"0\" ><div\n\t\t\t\n\t\t\tclass=\"so-widget-sow-editor so-widget-sow-editor-base\"\n\t\t\t\n\t\t><h3 class=\"widget-title\">O nama<\/h3>\n<div class=\"siteorigin-widget-tinymce textwidget\">\n\t<p>O nama<\/p>\n<p>Lumina centar je zami\u0161ljen kao mesto gde klijenti mogu dobiti pomo\u0107 i podr\u0161ku u re\u0161avanju zdravstvenih i psiholo\u0161kih problema na razne na\u010dine i kori\u0161\u0107enjem razli\u010ditih metoda. Takav pristup je sve potrebniji u dana\u0161nje vreme kada pojedinci sve vi\u0161e postaju svesni svojih individualnih specifi\u010dnosti i \u0161irokih mogu\u0107nosti izbora koje im se nude. Iako je svaki metod po sebi dobar, nijedan metod ne mo\u017ee biti podjednako dobar i efikasan za svakoga. Zato smo odlu\u010dili da klijentima ponudimo raznovrstan izbor i pokrijemo oblasti psihoterapije, zdravstvenog savetovanja, lajf kou\u010dinga, EFT (tehnike emocionalne slobode), klasi\u010dne homeopatije, TRE metode i Bahove terapije cvetnim esencijama. O svakom od ovih metoda mo\u017eete dobiti pouzdanu informaciju i odabrati onaj koji smatrate da je naprimereniji za vas u datom trenutku.<\/p>\n<\/div>\n<\/div><\/div><\/div><\/div><div id=\"pg-7-1\"  class=\"panel-grid panel-no-style\" ><div id=\"pgc-7-1-0\"  class=\"panel-grid-cell\" ><div id=\"panel-7-1-0-0\" class=\"so-panel widget widget_sow-post-carousel panel-first-child panel-last-child\" data-index=\"1\" ><div\n\t\t\t\n\t\t\tclass=\"so-widget-sow-post-carousel so-widget-sow-post-carousel-base-0471499d4c66-7\"\n\t\t\t\n\t\t>\t<div\n\t\tclass=\"sow-post-carousel-wrapper sow-post-carousel-theme-base\"\n\t\tstyle=\"overflow: hidden; max-width: 100%; min-height: 182px\"\n\t>\n\t\t<div class=\"sow-carousel-title has-title\">\n\t<h3 class=\"widget-title\">Doga\u0111aji<\/h3>\t\t<div class=\"sow-carousel-navigation \">\n\t\t\t\t\t\t<a href=\"#\" class=\"sow-carousel-next\" title=\"Next\" aria-label=\"Next Posts\" role=\"button\"><\/a>\n\t\t\t\t\t\t<a href=\"#\" class=\"sow-carousel-previous\" title=\"Previous\" aria-label=\"Previous Posts\" role=\"button\"><\/a>\n\t\t\t\t\t<\/div>\n\t<\/div>\n\n<div class=\"sow-carousel-container \">\n\t\t<div class=\"sow-carousel-wrapper\"\n\t\tdata-dir=\"ltr\"\n\t\tstyle=\"opacity: 0;\"\n\t\tdata-widget=\"post\" data-fetching=\"false\" data-page=\"1\" data-ajax-url=\"http:\/\/lumina-centar.com\/wp-admin\/admin-ajax.php?_widgets_nonce=46d0a9994c\" data-item_count=\"13\" data-carousel_settings=\"{&quot;loop&quot;:true,&quot;animation&quot;:&quot;ease&quot;,&quot;animation_speed&quot;:400,&quot;autoplay&quot;:&quot;off&quot;,&quot;pauseOnHover&quot;:&quot;&quot;,&quot;autoplaySpeed&quot;:8000,&quot;item_overflow&quot;:true,&quot;autoplay_continuous_scroll&quot;:false}\" data-responsive=\"{&quot;desktop_slides_to_scroll&quot;:1,&quot;tablet_landscape_breakpoint&quot;:1366,&quot;tablet_landscape_slides_to_scroll&quot;:2,&quot;tablet_portrait_breakpoint&quot;:1025,&quot;tablet_portrait_slides_to_scroll&quot;:2,&quot;mobile_breakpoint&quot;:480,&quot;mobile_slides_to_scroll&quot;:1}\" data-variable_width=\"true\" \t>\n\t\t<div\n\t\t\tclass=\"sow-carousel-items\"\n\t\t\t\t\t>\n\t\t\t\t<div class=\"sow-carousel-item\" tabindex=\"-1\" style=\"float: left;\">\n\t\t<div class=\"sow-carousel-thumbnail\">\n\t\t\t\t\t\t\t<a\n\t\t\t\t\thref=\"http:\/\/lumina-centar.com\/en\/nivoi-iskustva\/\"\n\t\t\t\t\t\t\t\t\t\tstyle=\"background-image: url( http:\/\/lumina-centar.com\/wp-content\/uploads\/2021\/02\/5.jpg )\"\n\t\t\t\t\taria-labelledby=\"sow-carousel-id-734\"\n\t\t\t\t\ttabindex=\"-1\"\n\t\t\t\t>\n\t\t\t\t\t<span class=\"overlay\"><\/span>\n\t\t\t\t<\/a>\n\t\t\t\t\t<\/div>\n\t\t<h3 class=\"sow-carousel-item-title\">\n\t\t\t<a\n\t\t\t\thref=\"http:\/\/lumina-centar.com\/en\/nivoi-iskustva\/\"\n\t\t\t\tid=\"sow-carousel-id-734\"\n\t\t\t\t\t\t\t\ttabindex=\"-1\"\n\t\t\t>\n\n\t\t\t\tNIVOI ISKUSTVA\t\t\t<\/a>\n\t\t<\/h3>\n\t<\/div>\n\t\t<div class=\"sow-carousel-item\" tabindex=\"-1\" style=\"float: left;\">\n\t\t<div class=\"sow-carousel-thumbnail\">\n\t\t\t\t\t\t\t<a\n\t\t\t\t\thref=\"http:\/\/lumina-centar.com\/en\/konstitucija-i-druga-lica-homeopatije\/\"\n\t\t\t\t\t\t\t\t\t\tstyle=\"background-image: url( http:\/\/lumina-centar.com\/wp-content\/uploads\/2021\/02\/4.jpg )\"\n\t\t\t\t\taria-labelledby=\"sow-carousel-id-731\"\n\t\t\t\t\ttabindex=\"-1\"\n\t\t\t\t>\n\t\t\t\t\t<span class=\"overlay\"><\/span>\n\t\t\t\t<\/a>\n\t\t\t\t\t<\/div>\n\t\t<h3 class=\"sow-carousel-item-title\">\n\t\t\t<a\n\t\t\t\thref=\"http:\/\/lumina-centar.com\/en\/konstitucija-i-druga-lica-homeopatije\/\"\n\t\t\t\tid=\"sow-carousel-id-731\"\n\t\t\t\t\t\t\t\ttabindex=\"-1\"\n\t\t\t>\n\n\t\t\t\tKonstitucija i druga lica homeopatije\t\t\t<\/a>\n\t\t<\/h3>\n\t<\/div>\n\t\t<div class=\"sow-carousel-item\" tabindex=\"-1\" style=\"float: left;\">\n\t\t<div class=\"sow-carousel-thumbnail\">\n\t\t\t\t\t\t\t<a\n\t\t\t\t\thref=\"http:\/\/lumina-centar.com\/en\/evolucija-homeopatije\/\"\n\t\t\t\t\t\t\t\t\t\tstyle=\"background-image: url( http:\/\/lumina-centar.com\/wp-content\/uploads\/2021\/02\/3-1.jpg )\"\n\t\t\t\t\taria-labelledby=\"sow-carousel-id-727\"\n\t\t\t\t\ttabindex=\"-1\"\n\t\t\t\t>\n\t\t\t\t\t<span class=\"overlay\"><\/span>\n\t\t\t\t<\/a>\n\t\t\t\t\t<\/div>\n\t\t<h3 class=\"sow-carousel-item-title\">\n\t\t\t<a\n\t\t\t\thref=\"http:\/\/lumina-centar.com\/en\/evolucija-homeopatije\/\"\n\t\t\t\tid=\"sow-carousel-id-727\"\n\t\t\t\t\t\t\t\ttabindex=\"-1\"\n\t\t\t>\n\n\t\t\t\tEVOLUCIJA HOMEOPATIJE\t\t\t<\/a>\n\t\t<\/h3>\n\t<\/div>\n\t\t<div class=\"sow-carousel-item\" tabindex=\"-1\" style=\"float: left;\">\n\t\t<div class=\"sow-carousel-thumbnail\">\n\t\t\t\t\t\t\t<a\n\t\t\t\t\thref=\"http:\/\/lumina-centar.com\/en\/tre\/\"\n\t\t\t\t\t\t\t\t\t\tstyle=\"background-image: url( http:\/\/lumina-centar.com\/wp-content\/uploads\/2021\/02\/1.jpg )\"\n\t\t\t\t\taria-labelledby=\"sow-carousel-id-714\"\n\t\t\t\t\ttabindex=\"-1\"\n\t\t\t\t>\n\t\t\t\t\t<span class=\"overlay\"><\/span>\n\t\t\t\t<\/a>\n\t\t\t\t\t<\/div>\n\t\t<h3 class=\"sow-carousel-item-title\">\n\t\t\t<a\n\t\t\t\thref=\"http:\/\/lumina-centar.com\/en\/tre\/\"\n\t\t\t\tid=\"sow-carousel-id-714\"\n\t\t\t\t\t\t\t\ttabindex=\"-1\"\n\t\t\t>\n\n\t\t\t\tTRE\t\t\t<\/a>\n\t\t<\/h3>\n\t<\/div>\n\t\t<div class=\"sow-carousel-item\" tabindex=\"-1\" style=\"float: left;\">\n\t\t<div class=\"sow-carousel-thumbnail\">\n\t\t\t\t\t\t\t<a\n\t\t\t\t\thref=\"http:\/\/lumina-centar.com\/en\/telesna-psihoterapija\/\"\n\t\t\t\t\t\t\t\t\t\tstyle=\"background-image: url( http:\/\/lumina-centar.com\/wp-content\/uploads\/2021\/02\/2.jpg )\"\n\t\t\t\t\taria-labelledby=\"sow-carousel-id-708\"\n\t\t\t\t\ttabindex=\"-1\"\n\t\t\t\t>\n\t\t\t\t\t<span class=\"overlay\"><\/span>\n\t\t\t\t<\/a>\n\t\t\t\t\t<\/div>\n\t\t<h3 class=\"sow-carousel-item-title\">\n\t\t\t<a\n\t\t\t\thref=\"http:\/\/lumina-centar.com\/en\/telesna-psihoterapija\/\"\n\t\t\t\tid=\"sow-carousel-id-708\"\n\t\t\t\t\t\t\t\ttabindex=\"-1\"\n\t\t\t>\n\n\t\t\t\tTelesna psihoterapija\t\t\t<\/a>\n\t\t<\/h3>\n\t<\/div>\n\t\t<div class=\"sow-carousel-item\" tabindex=\"-1\" style=\"float: left;\">\n\t\t<div class=\"sow-carousel-thumbnail\">\n\t\t\t\t\t\t\t<a\n\t\t\t\t\thref=\"http:\/\/lumina-centar.com\/en\/poverenje\/\"\n\t\t\t\t\t\t\t\t\t\tstyle=\"background-image: url( http:\/\/lumina-centar.com\/wp-content\/uploads\/2018\/03\/poverenje-social.jpg )\"\n\t\t\t\t\taria-labelledby=\"sow-carousel-id-649\"\n\t\t\t\t\ttabindex=\"-1\"\n\t\t\t\t>\n\t\t\t\t\t<span class=\"overlay\"><\/span>\n\t\t\t\t<\/a>\n\t\t\t\t\t<\/div>\n\t\t<h3 class=\"sow-carousel-item-title\">\n\t\t\t<a\n\t\t\t\thref=\"http:\/\/lumina-centar.com\/en\/poverenje\/\"\n\t\t\t\tid=\"sow-carousel-id-649\"\n\t\t\t\t\t\t\t\ttabindex=\"-1\"\n\t\t\t>\n\n\t\t\t\tPoverenje\t\t\t<\/a>\n\t\t<\/h3>\n\t<\/div>\n\t\t<div class=\"sow-carousel-item\" tabindex=\"-1\" style=\"float: left;\">\n\t\t<div class=\"sow-carousel-thumbnail\">\n\t\t\t\t\t\t\t<a\n\t\t\t\t\thref=\"http:\/\/lumina-centar.com\/en\/homeopatski-pristup-anksioznom-poremecaju\/\"\n\t\t\t\t\t\t\t\t\t\tstyle=\"background-image: url( http:\/\/lumina-centar.com\/wp-content\/uploads\/2017\/12\/scent-1431053_1280.jpg )\"\n\t\t\t\t\taria-labelledby=\"sow-carousel-id-531\"\n\t\t\t\t\ttabindex=\"-1\"\n\t\t\t\t>\n\t\t\t\t\t<span class=\"overlay\"><\/span>\n\t\t\t\t<\/a>\n\t\t\t\t\t<\/div>\n\t\t<h3 class=\"sow-carousel-item-title\">\n\t\t\t<a\n\t\t\t\thref=\"http:\/\/lumina-centar.com\/en\/homeopatski-pristup-anksioznom-poremecaju\/\"\n\t\t\t\tid=\"sow-carousel-id-531\"\n\t\t\t\t\t\t\t\ttabindex=\"-1\"\n\t\t\t>\n\n\t\t\t\tHomeopatski pristup anksioznom poreme\u0107aju\t\t\t<\/a>\n\t\t<\/h3>\n\t<\/div>\n\t\t<div class=\"sow-carousel-item\" tabindex=\"-1\" style=\"float: left;\">\n\t\t<div class=\"sow-carousel-thumbnail\">\n\t\t\t\t\t\t\t<a\n\t\t\t\t\thref=\"http:\/\/lumina-centar.com\/en\/casopis-sensa-homeopatija-i-snovi\/\"\n\t\t\t\t\t\t\t\t\t\tstyle=\"background-image: url( http:\/\/lumina-centar.com\/wp-content\/uploads\/2017\/12\/fantasy-2861107_1280.jpg )\"\n\t\t\t\t\taria-labelledby=\"sow-carousel-id-527\"\n\t\t\t\t\ttabindex=\"-1\"\n\t\t\t\t>\n\t\t\t\t\t<span class=\"overlay\"><\/span>\n\t\t\t\t<\/a>\n\t\t\t\t\t<\/div>\n\t\t<h3 class=\"sow-carousel-item-title\">\n\t\t\t<a\n\t\t\t\thref=\"http:\/\/lumina-centar.com\/en\/casopis-sensa-homeopatija-i-snovi\/\"\n\t\t\t\tid=\"sow-carousel-id-527\"\n\t\t\t\t\t\t\t\ttabindex=\"-1\"\n\t\t\t>\n\n\t\t\t\t\u010casopis Sensa: Homeopatija i Snovi\t\t\t<\/a>\n\t\t<\/h3>\n\t<\/div>\n\t\t<div class=\"sow-carousel-item\" tabindex=\"-1\" style=\"float: left;\">\n\t\t<div class=\"sow-carousel-thumbnail\">\n\t\t\t\t\t\t\t<a\n\t\t\t\t\thref=\"http:\/\/lumina-centar.com\/en\/o-nama\/\"\n\t\t\t\t\tclass=\"sow-carousel-default-thumbnail\"\n\t\t\t\t\t\t\t\t\t\t\t\t\t\t\taria-labelledby=\"sow-carousel-id-454\"\n\t\t\t\t\ttabindex=\"-1\"\n\t\t\t\t>\n\t\t\t\t\t<span class=\"overlay\"><\/span>\n\t\t\t\t<\/a>\n\t\t\t\t\t<\/div>\n\t\t<h3 class=\"sow-carousel-item-title\">\n\t\t\t<a\n\t\t\t\thref=\"http:\/\/lumina-centar.com\/en\/o-nama\/\"\n\t\t\t\tid=\"sow-carousel-id-454\"\n\t\t\t\t\t\t\t\ttabindex=\"-1\"\n\t\t\t>\n\n\t\t\t\tAbout us\t\t\t<\/a>\n\t\t<\/h3>\n\t<\/div>\n\t\t<div class=\"sow-carousel-item\" tabindex=\"-1\" style=\"float: left;\">\n\t\t<div class=\"sow-carousel-thumbnail\">\n\t\t\t\t\t\t\t<a\n\t\t\t\t\thref=\"http:\/\/lumina-centar.com\/en\/homeopatija\/\"\n\t\t\t\t\t\t\t\t\t\tstyle=\"background-image: url( http:\/\/lumina-centar.com\/wp-content\/uploads\/2017\/02\/homeoterapija.jpg )\"\n\t\t\t\t\taria-labelledby=\"sow-carousel-id-370\"\n\t\t\t\t\ttabindex=\"-1\"\n\t\t\t\t>\n\t\t\t\t\t<span class=\"overlay\"><\/span>\n\t\t\t\t<\/a>\n\t\t\t\t\t<\/div>\n\t\t<h3 class=\"sow-carousel-item-title\">\n\t\t\t<a\n\t\t\t\thref=\"http:\/\/lumina-centar.com\/en\/homeopatija\/\"\n\t\t\t\tid=\"sow-carousel-id-370\"\n\t\t\t\t\t\t\t\ttabindex=\"-1\"\n\t\t\t>\n\n\t\t\t\tHomeopathy\t\t\t<\/a>\n\t\t<\/h3>\n\t<\/div>\n\t\t\t<\/div>\n\t\t\t<\/div>\n\n\t<\/div>\n\t\t<input type=\"hidden\" name=\"instance_hash\" value=\"c145eeac\"\/>\n\t<\/div>\n<\/div><\/div><\/div><\/div><\/div>","protected":false},"excerpt":{"rendered":"<p>O nama Lumina centar je zami\u0161ljen kao mesto gde klijenti mogu dobiti pomo\u0107 i podr\u0161ku u re\u0161avanju zdravstvenih i psiholo\u0161kih problema na razne na\u010dine i kori\u0161\u0107enjem razli\u010ditih metoda. Takav pristup je sve potrebniji u dana\u0161nje vreme kada pojedinci sve vi\u0161e postaju svesni svojih individualnih specifi\u010dnosti i \u0161irokih mogu\u0107nosti izbora koje im se nude. Iako je <a class=\"read-more\" href=\"http:\/\/lumina-centar.com\/en\/\">vi\u0161e<\/a><\/p>\n","protected":false},"author":1,"featured_media":0,"parent":0,"menu_order":0,"comment_status":"closed","ping_status":"closed","template":"template-left-sidebar.php","meta":{"footnotes":""},"class_list":["post-7","page","type-page","status-publish","hentry"],"translation":{"provider":"WPGlobus","version":"3.0.2","language":"en","enabled_languages":["rs","en"],"languages":{"rs":{"title":true,"content":true,"excerpt":false},"en":{"title":false,"content":false,"excerpt":false}}},"_links":{"self":[{"href":"http:\/\/lumina-centar.com\/en\/wp-json\/wp\/v2\/pages\/7","targetHints":{"allow":["GET"]}}],"collection":[{"href":"http:\/\/lumina-centar.com\/en\/wp-json\/wp\/v2\/pages"}],"about":[{"href":"http:\/\/lumina-centar.com\/en\/wp-json\/wp\/v2\/types\/page"}],"author":[{"embeddable":true,"href":"http:\/\/lumina-centar.com\/en\/wp-json\/wp\/v2\/users\/1"}],"replies":[{"embeddable":true,"href":"http:\/\/lumina-centar.com\/en\/wp-json\/wp\/v2\/comments?post=7"}],"version-history":[{"count":138,"href":"http:\/\/lumina-centar.com\/en\/wp-json\/wp\/v2\/pages\/7\/revisions"}],"predecessor-version":[{"id":789,"href":"http:\/\/lumina-centar.com\/en\/wp-json\/wp\/v2\/pages\/7\/revisions\/789"}],"wp:attachment":[{"href":"http:\/\/lumina-centar.com\/en\/wp-json\/wp\/v2\/media?parent=7"}],"curies":[{"name":"wp","href":"https:\/\/api.w.org\/{rel}","templated":true}]}}